{"id":65,"date":"2019-05-04T18:19:45","date_gmt":"2019-05-04T16:19:45","guid":{"rendered":"http:\/\/chambredhotesduchene.fr\/?page_id=65"},"modified":"2025-03-10T21:42:09","modified_gmt":"2025-03-10T20:42:09","slug":"contact-et-reservation","status":"publish","type":"page","link":"https:\/\/chambredhotesduchene.fr\/index.php\/contact-et-reservation\/","title":{"rendered":"Contact et r\u00e9servation"},"content":{"rendered":"\t\t<div data-elementor-type=\"wp-post\" data-elementor-id=\"65\" class=\"elementor elementor-65\">\n\t\t\t\t\t\t<section class=\"elementor-section elementor-top-section elementor-element elementor-element-3ac954b elementor-section-boxed elementor-section-height-default elementor-section-height-default\" data-id=\"3ac954b\" data-element_type=\"section\" data-e-type=\"section\">\n\t\t\t\t\t\t<div class=\"elementor-container elementor-column-gap-default\">\n\t\t\t\t\t<div class=\"elementor-column elementor-col-100 elementor-top-column elementor-element elementor-element-69ab3b5\" data-id=\"69ab3b5\" data-element_type=\"column\" data-e-type=\"column\">\n\t\t\t<div class=\"elementor-widget-wrap elementor-element-populated\">\n\t\t\t\t\t\t<div class=\"elementor-element elementor-element-7dc34a5 elementor-widget elementor-widget-text-editor\" data-id=\"7dc34a5\" data-element_type=\"widget\" data-e-type=\"widget\" data-widget_type=\"text-editor.default\">\n\t\t\t\t<div class=\"elementor-widget-container\">\n\t\t\t\t\t\t\t\t\t<p><span style=\"color: #333333;\"><strong><em>Agn\u00e8s et G\u00e9rard MOREAU<\/em><\/strong><\/span><br \/><span style=\"color: #333333;\"> 12 R\u00e9sidence du Ch\u00eane<\/span><br \/><span style=\"color: #333333;\"> 45 600 SULLY-SUR-LOIRE<\/span><\/p><p><span style=\"color: #333333;\"> <img decoding=\"async\" src=\"http:\/\/chambredhotesduchene.fr\/wp-content\/uploads\/2019\/05\/tel.png\" width=\"18\" height=\"18\" \/>\u00a0 02.38.36.44.05<\/span><br \/><span style=\"color: #333333;\"> <img decoding=\"async\" src=\"http:\/\/chambredhotesduchene.fr\/wp-content\/uploads\/2019\/05\/port.png\" width=\"20\" height=\"20\" \/>\u00a0 06.12.48.53.06<\/span><br \/><span style=\"color: #333333;\"> <img decoding=\"async\" src=\"http:\/\/chambredhotesduchene.fr\/wp-content\/uploads\/2019\/05\/mail.png\" width=\"20\" height=\"20\" \/><a href=\"mailto:moreaugerard1640@neuf.fr\"> moreaugerard1640@neuf.fr<\/a><\/span><\/p><ul><li><span style=\"color: #333333;\">Langue parl\u00e9e : uniquement le fran\u00e7ais<em> (don&rsquo;t speak English)<\/em><\/span><\/li><li><span style=\"color: #333333;\">\u00a0Animaux non accept\u00e9s dans les chambres\u00a0 <img loading=\"lazy\" decoding=\"async\" src=\"http:\/\/chambredhotesduchene.fr\/wp-content\/uploads\/2019\/05\/chien.png\" width=\"20\" height=\"20\" \/><\/span><\/li><li><span style=\"color: #333333;\">Parking ferm\u00e9\u00a0 <img loading=\"lazy\" decoding=\"async\" src=\"http:\/\/chambredhotesduchene.fr\/wp-content\/uploads\/2019\/05\/car.png\" width=\"21\" height=\"21\" \/>\u00a0\u00a0\u00a0<img loading=\"lazy\" decoding=\"async\" src=\"http:\/\/chambredhotesduchene.fr\/wp-content\/uploads\/2019\/05\/moto.png\" width=\"21\" height=\"21\" \/><\/span><\/li><li><span style=\"color: #333333;\">Garage ferm\u00e9\u00a0<\/span>\u00a0<img loading=\"lazy\" decoding=\"async\" style=\"color: #333333;\" src=\"http:\/\/chambredhotesduchene.fr\/wp-content\/uploads\/2019\/05\/bicycle.png\" width=\"20\" height=\"14\" \/><\/li><li><span style=\"color: #333333;\">Chambres \u00e0 l&rsquo;\u00e9tage\u00a0 <img loading=\"lazy\" decoding=\"async\" src=\"http:\/\/chambredhotesduchene.fr\/wp-content\/uploads\/2019\/05\/escalier.png\" width=\"20\" height=\"20\" \/><\/span><\/li><li><span style=\"color: #333333;\">Wifi\u00a0 <img loading=\"lazy\" decoding=\"async\" src=\"http:\/\/chambredhotesduchene.fr\/wp-content\/uploads\/2019\/05\/wifi.png\" width=\"20\" height=\"20\" \/><\/span><\/li><li><span style=\"color: #000000;\">Kitchenette<\/span><\/li><li><span style=\"color: #000000;\">Lit b\u00e9b\u00e9 et chaise haute \u00e0 disposition<\/span><\/li><\/ul>\t\t\t\t\t\t\t\t<\/div>\n\t\t\t\t<\/div>\n\t\t\t\t\t<\/div>\n\t\t<\/div>\n\t\t\t\t\t<\/div>\n\t\t<\/section>\n\t\t\t\t<section class=\"elementor-section elementor-top-section elementor-element elementor-element-db446a0 elementor-section-boxed elementor-section-height-default elementor-section-height-default\" data-id=\"db446a0\" data-element_type=\"section\" data-e-type=\"section\">\n\t\t\t\t\t\t<div class=\"elementor-container elementor-column-gap-default\">\n\t\t\t\t\t<div class=\"elementor-column elementor-col-100 elementor-top-column elementor-element elementor-element-d8f703d\" data-id=\"d8f703d\" data-element_type=\"column\" data-e-type=\"column\">\n\t\t\t<div class=\"elementor-widget-wrap elementor-element-populated\">\n\t\t\t\t\t\t<div class=\"elementor-element elementor-element-bda3bf9 elementor-tabs-view-horizontal elementor-widget elementor-widget-tabs\" data-id=\"bda3bf9\" data-element_type=\"widget\" data-e-type=\"widget\" data-widget_type=\"tabs.default\">\n\t\t\t\t<div class=\"elementor-widget-container\">\n\t\t\t\t\t\t\t<div class=\"elementor-tabs\">\n\t\t\t<div class=\"elementor-tabs-wrapper\" role=\"tablist\" >\n\t\t\t\t\t\t\t\t\t<div id=\"elementor-tab-title-1981\" class=\"elementor-tab-title elementor-tab-desktop-title\" aria-selected=\"true\" data-tab=\"1\" role=\"tab\" tabindex=\"0\" aria-controls=\"elementor-tab-content-1981\" aria-expanded=\"false\">Chambre M\u00e9sange<\/div>\n\t\t\t\t\t\t\t\t\t<div id=\"elementor-tab-title-1982\" class=\"elementor-tab-title elementor-tab-desktop-title\" aria-selected=\"false\" data-tab=\"2\" role=\"tab\" tabindex=\"-1\" aria-controls=\"elementor-tab-content-1982\" aria-expanded=\"false\">Chambre Hirondelle<\/div>\n\t\t\t\t\t\t\t<\/div>\n\t\t\t<div class=\"elementor-tabs-content-wrapper\" role=\"tablist\" aria-orientation=\"vertical\">\n\t\t\t\t\t\t\t\t\t<div class=\"elementor-tab-title elementor-tab-mobile-title\" aria-selected=\"true\" data-tab=\"1\" role=\"tab\" tabindex=\"0\" aria-controls=\"elementor-tab-content-1981\" aria-expanded=\"false\">Chambre M\u00e9sange<\/div>\n\t\t\t\t\t<div id=\"elementor-tab-content-1981\" class=\"elementor-tab-content elementor-clearfix\" data-tab=\"1\" role=\"tabpanel\" aria-labelledby=\"elementor-tab-title-1981\" tabindex=\"0\" hidden=\"false\"><iframe src=\"https:\/\/www.cybevasion.fr\/annonces_planning.php?id_annonce=46746&amp;id_structure=53715&amp;langue=fr&amp;display_line&amp;transparent\" name=\"planning\" width=\"100%\" height=\"240\" frameborder=\"0\"><\/iframe><\/div>\n\t\t\t\t\t\t\t\t\t<div class=\"elementor-tab-title elementor-tab-mobile-title\" aria-selected=\"false\" data-tab=\"2\" role=\"tab\" tabindex=\"-1\" aria-controls=\"elementor-tab-content-1982\" aria-expanded=\"false\">Chambre Hirondelle<\/div>\n\t\t\t\t\t<div id=\"elementor-tab-content-1982\" class=\"elementor-tab-content elementor-clearfix\" data-tab=\"2\" role=\"tabpanel\" aria-labelledby=\"elementor-tab-title-1982\" tabindex=\"0\" hidden=\"hidden\"><iframe src=\"https:\/\/www.cybevasion.fr\/annonces_planning.php?id_annonce=46746&amp;id_structure=53714&amp;langue=fr&amp;transparent\" name=\"planning\" width=\"600\" height=\"825\" frameborder=\"0\"><\/iframe><\/div>\n\t\t\t\t\t\t\t<\/div>\n\t\t<\/div>\n\t\t\t\t\t\t<\/div>\n\t\t\t\t<\/div>\n\t\t\t\t\t<\/div>\n\t\t<\/div>\n\t\t\t\t\t<\/div>\n\t\t<\/section>\n\t\t\t\t<\/div>\n\t\t","protected":false},"excerpt":{"rendered":"<p>Agn\u00e8s et G\u00e9rard MOREAU 12 R\u00e9sidence du Ch\u00eane 45 600 SULLY-SUR-LOIRE \u00a0 02.38.36.44.05 \u00a0 06.12.48.53.06 moreaugerard1640@neuf.fr Langue parl\u00e9e : uniquement le fran\u00e7ais (don&rsquo;t speak English) \u00a0Animaux non accept\u00e9s dans les chambres\u00a0 Parking ferm\u00e9\u00a0 \u00a0\u00a0\u00a0 Garage ferm\u00e9\u00a0\u00a0 Chambres \u00e0 l&rsquo;\u00e9tage\u00a0 Wifi\u00a0 Kitchenette Lit b\u00e9b\u00e9 et chaise haute \u00e0 disposition Chambre M\u00e9sange Chambre Hirondelle Chambre M\u00e9sange Chambre &hellip; <\/p>\n<p class=\"link-more\"><a href=\"https:\/\/chambredhotesduchene.fr\/index.php\/contact-et-reservation\/\" class=\"more-link\">Continuer la lecture<span class=\"screen-reader-text\"> de &laquo;&nbsp;Contact et r\u00e9servation&nbsp;&raquo;<\/span><\/a><\/p>\n","protected":false},"author":1,"featured_media":0,"parent":0,"menu_order":0,"comment_status":"closed","ping_status":"closed","template":"","meta":{"footnotes":""},"class_list":["post-65","page","type-page","status-publish","hentry"],"_links":{"self":[{"href":"https:\/\/chambredhotesduchene.fr\/index.php\/wp-json\/wp\/v2\/pages\/65","targetHints":{"allow":["GET"]}}],"collection":[{"href":"https:\/\/chambredhotesduchene.fr\/index.php\/wp-json\/wp\/v2\/pages"}],"about":[{"href":"https:\/\/chambredhotesduchene.fr\/index.php\/wp-json\/wp\/v2\/types\/page"}],"author":[{"embeddable":true,"href":"https:\/\/chambredhotesduchene.fr\/index.php\/wp-json\/wp\/v2\/users\/1"}],"replies":[{"embeddable":true,"href":"https:\/\/chambredhotesduchene.fr\/index.php\/wp-json\/wp\/v2\/comments?post=65"}],"version-history":[{"count":29,"href":"https:\/\/chambredhotesduchene.fr\/index.php\/wp-json\/wp\/v2\/pages\/65\/revisions"}],"predecessor-version":[{"id":332,"href":"https:\/\/chambredhotesduchene.fr\/index.php\/wp-json\/wp\/v2\/pages\/65\/revisions\/332"}],"wp:attachment":[{"href":"https:\/\/chambredhotesduchene.fr\/index.php\/wp-json\/wp\/v2\/media?parent=65"}],"curies":[{"name":"wp","href":"https:\/\/api.w.org\/{rel}","templated":true}]}}