{"id":54,"date":"2019-05-04T17:57:55","date_gmt":"2019-05-04T15:57:55","guid":{"rendered":"http:\/\/chambredhotesduchene.fr\/?page_id=54"},"modified":"2026-02-16T14:07:46","modified_gmt":"2026-02-16T13:07:46","slug":"bienvenue","status":"publish","type":"page","link":"https:\/\/chambredhotesduchene.fr\/","title":{"rendered":"Bienvenue"},"content":{"rendered":"\t\t<div data-elementor-type=\"wp-post\" data-elementor-id=\"54\" class=\"elementor elementor-54\">\n\t\t\t\t\t\t<section class=\"elementor-section elementor-top-section elementor-element elementor-element-82f4e06 elementor-section-boxed elementor-section-height-default elementor-section-height-default\" data-id=\"82f4e06\" data-element_type=\"section\" data-e-type=\"section\">\n\t\t\t\t\t\t<div class=\"elementor-container elementor-column-gap-default\">\n\t\t\t\t\t<div class=\"elementor-column elementor-col-100 elementor-top-column elementor-element elementor-element-603f63f\" data-id=\"603f63f\" data-element_type=\"column\" data-e-type=\"column\">\n\t\t\t<div class=\"elementor-widget-wrap elementor-element-populated\">\n\t\t\t\t\t\t<div class=\"elementor-element elementor-element-6a08cb1 elementor-widget elementor-widget-text-editor\" data-id=\"6a08cb1\" data-element_type=\"widget\" data-e-type=\"widget\" data-widget_type=\"text-editor.default\">\n\t\t\t\t<div class=\"elementor-widget-container\">\n\t\t\t\t\t\t\t\t\t<p style=\"text-align: left;\">A Sully-sur-Loire, dans la vall\u00e9e de la Loire, entre Gien et Orl\u00e9ans, entre Sologne et For\u00eat d&rsquo;Orl\u00e9ans,\u00a0<strong>les chambres d&rsquo;h\u00f4tes du ch\u00eane<\/strong>\u00a0vous attendent.<\/p><p>Agn\u00e8s et G\u00e9rard vous accueilleront et vous assureront un h\u00e9bergement de qualit\u00e9 pour profiter pleinement de votre s\u00e9jour dans cette r\u00e9gion.<\/p><p>Vous pourrez visiter les nombreuses richesses patrimoniales locales notamment\u00a0<a title=\"Les ch\u00e2teaux de la Loire\" href=\"http:\/\/loire-chateaux.org\/\">les ch\u00e2teaux de la Loire<\/a>,\u00a0<a title=\"L'abbaye de Fleury \u00e0 St Beno\u00eet sur Loire\" href=\"http:\/\/www.abbaye-fleury.com\/\">l&rsquo;abbaye de Fleury<\/a>\u00a0\u00e0 Saint-Beno\u00eet-sur-Loire,\u00a0<a title=\"L'oratoire carolingien de Germigny-des-Pr\u00e9s\" href=\"http:\/\/www.tourisme-loire-foret.com\/Oratoire-carolingien-de-Germiny\">l&rsquo;oratoire Carolingien<\/a>\u00a0\u00e0 Germigny-des-Pr\u00e9s,\u00a0<a title=\"La fa\u00efencerie de Gien\" href=\"http:\/\/www.gien.com\/cms\/index.php?IdRubrique=111\">la fa\u00efencerie<\/a>\u00a0de Gien ou\u00a0<a title=\"Le pont-canal de Briare\" href=\"http:\/\/www.briare-le-canal.com\/\">le pont-canal<\/a>\u00a0de Briare.<\/p><p>A moins que vous ne pr\u00e9f\u00e9riez profiter des multiples activit\u00e9s locales :\u00a0<a title=\"Paintball du Rabot\" href=\"http:\/\/www.paintball-du-rabot.com\/\">Paintball<\/a>,\u00a0<a title=\"Randonn\u00e9es en Loiret\" href=\"http:\/\/www.randoloiret.eu\/intro\/\">randonn\u00e9es<\/a>, p\u00eache, chasse, \u00e9quitation, itin\u00e9raire cycliste de la\u00a0<a title=\"La lloire \u00e0 v\u00e9lo\" href=\"http:\/\/www.loireavelo.fr\/\">Loire \u00e0 v\u00e9lo<\/a>, descente de Loire en cano\u00eb ou bapt\u00eame en ULM.<\/p><p>Vous pourrez aussi profiter de votre s\u00e9jour pour d\u00e9couvrir la gastronomie des environs :\u00a0<a title=\"Les C\u00f4teaux du Giennois\" href=\"http:\/\/www.vins-centre-loire.com\/coteaux-du-giennois\/\">Coteaux du Giennois<\/a>,\u00a0<a title=\"Pouilly fum\u00e9\" href=\"http:\/\/www.pouilly-fume.com\/\">Pouilly fum\u00e9<\/a>, vins de Sancerre,\u00a0<a title=\"Les crottins de Chavignol\" href=\"http:\/\/www.crottindechavignol.com\/\">crottins de Chavignol<\/a>, praslines de Montargis&#8230;<\/p><p>Vos h\u00f4tes sauront vous orienter vers ces diverses visites et activit\u00e9s.<\/p>\t\t\t\t\t\t\t\t<\/div>\n\t\t\t\t<\/div>\n\t\t\t\t<div class=\"elementor-element elementor-element-4311d6e elementor-widget-divider--view-line elementor-widget elementor-widget-divider\" data-id=\"4311d6e\" data-element_type=\"widget\" data-e-type=\"widget\" data-widget_type=\"divider.default\">\n\t\t\t\t<div class=\"elementor-widget-container\">\n\t\t\t\t\t\t\t<div class=\"elementor-divider\">\n\t\t\t<span class=\"elementor-divider-separator\">\n\t\t\t\t\t\t<\/span>\n\t\t<\/div>\n\t\t\t\t\t\t<\/div>\n\t\t\t\t<\/div>\n\t\t\t\t<div class=\"elementor-element elementor-element-7bfff89 elementor-widget elementor-widget-image-gallery\" data-id=\"7bfff89\" data-element_type=\"widget\" data-e-type=\"widget\" data-widget_type=\"image-gallery.default\">\n\t\t\t\t<div class=\"elementor-widget-container\">\n\t\t\t\t\t\t\t<div class=\"elementor-image-gallery\">\n\t\t\t<div id='gallery-1' class='gallery galleryid-54 gallery-columns-5 gallery-size-thumbnail'><figure class='gallery-item'>\n\t\t\t<div class='gallery-icon landscape'>\n\t\t\t\t<a data-elementor-open-lightbox=\"yes\" data-elementor-lightbox-slideshow=\"7bfff89\" data-elementor-lightbox-title=\"Devant 01\" data-e-action-hash=\"#elementor-action%3Aaction%3Dlightbox%26settings%3DeyJpZCI6MzQwLCJ1cmwiOiJodHRwczpcL1wvY2hhbWJyZWRob3Rlc2R1Y2hlbmUuZnJcL3dwLWNvbnRlbnRcL3VwbG9hZHNcLzIwMjZcLzAyXC9EZXZhbnQtMDEuanBnIiwic2xpZGVzaG93IjoiN2JmZmY4OSJ9\" href='https:\/\/chambredhotesduchene.fr\/wp-content\/uploads\/2026\/02\/Devant-01.jpg'><img decoding=\"async\" width=\"150\" height=\"150\" src=\"https:\/\/chambredhotesduchene.fr\/wp-content\/uploads\/2026\/02\/Devant-01-150x150.jpg\" class=\"attachment-thumbnail size-thumbnail\" alt=\"\" srcset=\"https:\/\/chambredhotesduchene.fr\/wp-content\/uploads\/2026\/02\/Devant-01-150x150.jpg 150w, https:\/\/chambredhotesduchene.fr\/wp-content\/uploads\/2026\/02\/Devant-01-100x100.jpg 100w\" sizes=\"100vw\" \/><\/a>\n\t\t\t<\/div><\/figure><figure class='gallery-item'>\n\t\t\t<div class='gallery-icon landscape'>\n\t\t\t\t<a data-elementor-open-lightbox=\"yes\" data-elementor-lightbox-slideshow=\"7bfff89\" data-elementor-lightbox-title=\"Ext\u00e9rieur01\" data-e-action-hash=\"#elementor-action%3Aaction%3Dlightbox%26settings%3DeyJpZCI6MzQxLCJ1cmwiOiJodHRwczpcL1wvY2hhbWJyZWRob3Rlc2R1Y2hlbmUuZnJcL3dwLWNvbnRlbnRcL3VwbG9hZHNcLzIwMjZcLzAyXC9FeHRlcmlldXIwMS1zY2FsZWQuanBnIiwic2xpZGVzaG93IjoiN2JmZmY4OSJ9\" href='https:\/\/chambredhotesduchene.fr\/wp-content\/uploads\/2026\/02\/Exterieur01-scaled.jpg'><img decoding=\"async\" width=\"150\" height=\"150\" src=\"https:\/\/chambredhotesduchene.fr\/wp-content\/uploads\/2026\/02\/Exterieur01-150x150.jpg\" class=\"attachment-thumbnail size-thumbnail\" alt=\"\" srcset=\"https:\/\/chambredhotesduchene.fr\/wp-content\/uploads\/2026\/02\/Exterieur01-150x150.jpg 150w, https:\/\/chambredhotesduchene.fr\/wp-content\/uploads\/2026\/02\/Exterieur01-100x100.jpg 100w\" sizes=\"100vw\" \/><\/a>\n\t\t\t<\/div><\/figure><figure class='gallery-item'>\n\t\t\t<div class='gallery-icon portrait'>\n\t\t\t\t<a data-elementor-open-lightbox=\"yes\" data-elementor-lightbox-slideshow=\"7bfff89\" data-elementor-lightbox-title=\"V\u00e9randa01\" data-e-action-hash=\"#elementor-action%3Aaction%3Dlightbox%26settings%3DeyJpZCI6MzUxLCJ1cmwiOiJodHRwczpcL1wvY2hhbWJyZWRob3Rlc2R1Y2hlbmUuZnJcL3dwLWNvbnRlbnRcL3VwbG9hZHNcLzIwMjZcLzAyXC9WZXJhbmRhMDEtc2NhbGVkLmpwZyIsInNsaWRlc2hvdyI6IjdiZmZmODkifQ%3D%3D\" href='https:\/\/chambredhotesduchene.fr\/wp-content\/uploads\/2026\/02\/Veranda01-scaled.jpg'><img decoding=\"async\" width=\"150\" height=\"150\" src=\"https:\/\/chambredhotesduchene.fr\/wp-content\/uploads\/2026\/02\/Veranda01-150x150.jpg\" class=\"attachment-thumbnail size-thumbnail\" alt=\"\" srcset=\"https:\/\/chambredhotesduchene.fr\/wp-content\/uploads\/2026\/02\/Veranda01-150x150.jpg 150w, https:\/\/chambredhotesduchene.fr\/wp-content\/uploads\/2026\/02\/Veranda01-100x100.jpg 100w\" sizes=\"100vw\" \/><\/a>\n\t\t\t<\/div><\/figure><figure class='gallery-item'>\n\t\t\t<div class='gallery-icon landscape'>\n\t\t\t\t<a data-elementor-open-lightbox=\"yes\" data-elementor-lightbox-slideshow=\"7bfff89\" data-elementor-lightbox-title=\"petit deuj01\" data-e-action-hash=\"#elementor-action%3Aaction%3Dlightbox%26settings%3DeyJpZCI6MzQ4LCJ1cmwiOiJodHRwczpcL1wvY2hhbWJyZWRob3Rlc2R1Y2hlbmUuZnJcL3dwLWNvbnRlbnRcL3VwbG9hZHNcLzIwMjZcLzAyXC9wZXRpdC1kZXVqMDEuanBnIiwic2xpZGVzaG93IjoiN2JmZmY4OSJ9\" href='https:\/\/chambredhotesduchene.fr\/wp-content\/uploads\/2026\/02\/petit-deuj01.jpg'><img loading=\"lazy\" decoding=\"async\" width=\"150\" height=\"150\" src=\"https:\/\/chambredhotesduchene.fr\/wp-content\/uploads\/2026\/02\/petit-deuj01-150x150.jpg\" class=\"attachment-thumbnail size-thumbnail\" alt=\"\" srcset=\"https:\/\/chambredhotesduchene.fr\/wp-content\/uploads\/2026\/02\/petit-deuj01-150x150.jpg 150w, https:\/\/chambredhotesduchene.fr\/wp-content\/uploads\/2026\/02\/petit-deuj01-100x100.jpg 100w\" sizes=\"100vw\" \/><\/a>\n\t\t\t<\/div><\/figure><figure class='gallery-item'>\n\t\t\t<div class='gallery-icon portrait'>\n\t\t\t\t<a data-elementor-open-lightbox=\"yes\" data-elementor-lightbox-slideshow=\"7bfff89\" data-elementor-lightbox-title=\"Salle02\" data-e-action-hash=\"#elementor-action%3Aaction%3Dlightbox%26settings%3DeyJpZCI6MzUwLCJ1cmwiOiJodHRwczpcL1wvY2hhbWJyZWRob3Rlc2R1Y2hlbmUuZnJcL3dwLWNvbnRlbnRcL3VwbG9hZHNcLzIwMjZcLzAyXC9TYWxsZTAyLXNjYWxlZC5qcGciLCJzbGlkZXNob3ciOiI3YmZmZjg5In0%3D\" href='https:\/\/chambredhotesduchene.fr\/wp-content\/uploads\/2026\/02\/Salle02-scaled.jpg'><img loading=\"lazy\" decoding=\"async\" width=\"150\" height=\"150\" src=\"https:\/\/chambredhotesduchene.fr\/wp-content\/uploads\/2026\/02\/Salle02-150x150.jpg\" class=\"attachment-thumbnail size-thumbnail\" alt=\"\" srcset=\"https:\/\/chambredhotesduchene.fr\/wp-content\/uploads\/2026\/02\/Salle02-150x150.jpg 150w, https:\/\/chambredhotesduchene.fr\/wp-content\/uploads\/2026\/02\/Salle02-100x100.jpg 100w\" sizes=\"100vw\" \/><\/a>\n\t\t\t<\/div><\/figure><figure class='gallery-item'>\n\t\t\t<div class='gallery-icon landscape'>\n\t\t\t\t<a data-elementor-open-lightbox=\"yes\" data-elementor-lightbox-slideshow=\"7bfff89\" data-elementor-lightbox-title=\"Salle01\" data-e-action-hash=\"#elementor-action%3Aaction%3Dlightbox%26settings%3DeyJpZCI6MzQ5LCJ1cmwiOiJodHRwczpcL1wvY2hhbWJyZWRob3Rlc2R1Y2hlbmUuZnJcL3dwLWNvbnRlbnRcL3VwbG9hZHNcLzIwMjZcLzAyXC9TYWxsZTAxLXNjYWxlZC5qcGciLCJzbGlkZXNob3ciOiI3YmZmZjg5In0%3D\" href='https:\/\/chambredhotesduchene.fr\/wp-content\/uploads\/2026\/02\/Salle01-scaled.jpg'><img loading=\"lazy\" decoding=\"async\" width=\"150\" height=\"150\" src=\"https:\/\/chambredhotesduchene.fr\/wp-content\/uploads\/2026\/02\/Salle01-150x150.jpg\" class=\"attachment-thumbnail size-thumbnail\" alt=\"\" srcset=\"https:\/\/chambredhotesduchene.fr\/wp-content\/uploads\/2026\/02\/Salle01-150x150.jpg 150w, https:\/\/chambredhotesduchene.fr\/wp-content\/uploads\/2026\/02\/Salle01-100x100.jpg 100w\" sizes=\"100vw\" \/><\/a>\n\t\t\t<\/div><\/figure>\n\t\t<\/div>\n\t\t<\/div>\n\t\t\t\t\t\t<\/div>\n\t\t\t\t<\/div>\n\t\t\t\t<div class=\"elementor-element elementor-element-04e2a02 elementor-widget elementor-widget-text-editor\" data-id=\"04e2a02\" data-element_type=\"widget\" data-e-type=\"widget\" data-widget_type=\"text-editor.default\">\n\t\t\t\t<div class=\"elementor-widget-container\">\n\t\t\t\t\t\t\t\t\t<p style=\"text-align: center;\"><em>Par une entr\u00e9e ind\u00e9pendante, les chambres se situent \u00e0 l&rsquo;\u00e9tage de notre maison.<\/em><br \/><em>Salle \u00e0 manger, salon avec canap\u00e9 convertible et coin cuisine \u00e0 votre disposition<\/em><br \/><em>Petit d\u00e9jeuner servi, selon la saison, au coin du feu ou dans la v\u00e9randa.<\/em><\/p>\t\t\t\t\t\t\t\t<\/div>\n\t\t\t\t<\/div>\n\t\t\t\t<div class=\"elementor-element elementor-element-738f1e2 elementor-widget-divider--view-line elementor-widget elementor-widget-divider\" data-id=\"738f1e2\" data-element_type=\"widget\" data-e-type=\"widget\" data-widget_type=\"divider.default\">\n\t\t\t\t<div class=\"elementor-widget-container\">\n\t\t\t\t\t\t\t<div class=\"elementor-divider\">\n\t\t\t<span class=\"elementor-divider-separator\">\n\t\t\t\t\t\t<\/span>\n\t\t<\/div>\n\t\t\t\t\t\t<\/div>\n\t\t\t\t<\/div>\n\t\t\t\t\t<\/div>\n\t\t<\/div>\n\t\t\t\t\t<\/div>\n\t\t<\/section>\n\t\t\t\t<section class=\"elementor-section elementor-top-section elementor-element elementor-element-6de32cc elementor-section-boxed elementor-section-height-default elementor-section-height-default\" data-id=\"6de32cc\" data-element_type=\"section\" data-e-type=\"section\">\n\t\t\t\t\t\t<div class=\"elementor-container elementor-column-gap-default\">\n\t\t\t\t\t<div class=\"elementor-column elementor-col-100 elementor-top-column elementor-element elementor-element-4a8aceb\" data-id=\"4a8aceb\" data-element_type=\"column\" data-e-type=\"column\">\n\t\t\t<div class=\"elementor-widget-wrap elementor-element-populated\">\n\t\t\t\t\t\t<div class=\"elementor-element elementor-element-797ec2b elementor-widget elementor-widget-html\" data-id=\"797ec2b\" data-element_type=\"widget\" data-e-type=\"widget\" data-widget_type=\"html.default\">\n\t\t\t\t<div class=\"elementor-widget-container\">\n\t\t\t\t\t<iframe width=\"100%\" height=\"400px\" frameBorder=\"0\" src=\"http:\/\/umap.openstreetmap.fr\/fr\/map\/chambres-dhotes-du-chene_189124?scaleControl=false&miniMap=false&scrollWheelZoom=true&zoomControl=true&allowEdit=false&moreControl=false&searchControl=false&tilelayersControl=false&embedControl=null&datalayersControl=false&onLoadPanel=undefined&captionBar=false&editinosmControl=false&measureControl=false&locateControl=true&fullscreenControl=false#14\/47.7672\/2.3930\"><\/iframe><p><a href=\"http:\/\/umap.openstreetmap.fr\/fr\/map\/chambres-dhotes-du-chene_189124\">Voir en plein \u00e9cran<\/a>\t\t\t\t<\/div>\n\t\t\t\t<\/div>\n\t\t\t\t\t<\/div>\n\t\t<\/div>\n\t\t\t\t\t<\/div>\n\t\t<\/section>\n\t\t\t\t<\/div>\n\t\t","protected":false},"excerpt":{"rendered":"<p>A Sully-sur-Loire, dans la vall\u00e9e de la Loire, entre Gien et Orl\u00e9ans, entre Sologne et For\u00eat d&rsquo;Orl\u00e9ans,\u00a0les chambres d&rsquo;h\u00f4tes du ch\u00eane\u00a0vous attendent. Agn\u00e8s et G\u00e9rard vous accueilleront et vous assureront un h\u00e9bergement de qualit\u00e9 pour profiter pleinement de votre s\u00e9jour dans cette r\u00e9gion. Vous pourrez visiter les nombreuses richesses patrimoniales locales notamment\u00a0les ch\u00e2teaux de la &hellip; <\/p>\n<p class=\"link-more\"><a href=\"https:\/\/chambredhotesduchene.fr\/\" class=\"more-link\">Continuer la lecture<span class=\"screen-reader-text\"> de &laquo;&nbsp;Bienvenue&nbsp;&raquo;<\/span><\/a><\/p>\n","protected":false},"author":1,"featured_media":0,"parent":0,"menu_order":0,"comment_status":"closed","ping_status":"closed","template":"","meta":{"footnotes":""},"class_list":["post-54","page","type-page","status-publish","hentry"],"_links":{"self":[{"href":"https:\/\/chambredhotesduchene.fr\/index.php\/wp-json\/wp\/v2\/pages\/54","targetHints":{"allow":["GET"]}}],"collection":[{"href":"https:\/\/chambredhotesduchene.fr\/index.php\/wp-json\/wp\/v2\/pages"}],"about":[{"href":"https:\/\/chambredhotesduchene.fr\/index.php\/wp-json\/wp\/v2\/types\/page"}],"author":[{"embeddable":true,"href":"https:\/\/chambredhotesduchene.fr\/index.php\/wp-json\/wp\/v2\/users\/1"}],"replies":[{"embeddable":true,"href":"https:\/\/chambredhotesduchene.fr\/index.php\/wp-json\/wp\/v2\/comments?post=54"}],"version-history":[{"count":21,"href":"https:\/\/chambredhotesduchene.fr\/index.php\/wp-json\/wp\/v2\/pages\/54\/revisions"}],"predecessor-version":[{"id":354,"href":"https:\/\/chambredhotesduchene.fr\/index.php\/wp-json\/wp\/v2\/pages\/54\/revisions\/354"}],"wp:attachment":[{"href":"https:\/\/chambredhotesduchene.fr\/index.php\/wp-json\/wp\/v2\/media?parent=54"}],"curies":[{"name":"wp","href":"https:\/\/api.w.org\/{rel}","templated":true}]}}